{"id":134,"date":"2009-06-17T14:59:59","date_gmt":"2009-06-17T13:59:59","guid":{"rendered":"http:\/\/www.sportremo.com\/?page_id=134"},"modified":"2013-03-14T12:40:06","modified_gmt":"2013-03-14T11:40:06","slug":"fotografias","status":"publish","type":"page","link":"https:\/\/www.sportremo.com\/?page_id=134","title":{"rendered":"Fotografias"},"content":{"rendered":"<p><!--:PT--><\/p>\n<table width=\"100%\">\n<tbody>\n<tr>\n<td><strong>Aten\u00e7\u00e3o: este rep\u00f3sitorio j\u00e1 n\u00e3o \u00e9 actualizado. Para ver imagens recentes, aceda \u00e0 p\u00e1gina social da sec\u00e7\u00e3o no facebook.<br \/>\n<\/strong><\/td>\n<\/tr>\n<tr>\n<td><code>[picasaView]<\/code><\/td>\n<\/tr>\n<\/tbody>\n<\/table>\n<p><!--:--><!--:en--><\/p>\n<table width=\"100%\">\n<tr>\n<td>\n<code>[picasaView]<\/code>\n<\/td>\n<\/tr>\n<\/table>\n<p><!--:--><\/p>\n","protected":false},"excerpt":{"rendered":"<p>Aten\u00e7\u00e3o: este rep\u00f3sitorio j\u00e1 n\u00e3o \u00e9 actualizado. Para ver imagens recentes, aceda \u00e0 p\u00e1gina social da sec\u00e7\u00e3o no facebook. [picasaView] [&hellip;]<\/p>\n","protected":false},"author":1,"featured_media":0,"parent":18,"menu_order":0,"comment_status":"closed","ping_status":"closed","template":"","meta":{"footnotes":""},"_links":{"self":[{"href":"https:\/\/www.sportremo.com\/index.php?rest_route=\/wp\/v2\/pages\/134"}],"collection":[{"href":"https:\/\/www.sportremo.com\/index.php?rest_route=\/wp\/v2\/pages"}],"about":[{"href":"https:\/\/www.sportremo.com\/index.php?rest_route=\/wp\/v2\/types\/page"}],"author":[{"embeddable":true,"href":"https:\/\/www.sportremo.com\/index.php?rest_route=\/wp\/v2\/users\/1"}],"replies":[{"embeddable":true,"href":"https:\/\/www.sportremo.com\/index.php?rest_route=%2Fwp%2Fv2%2Fcomments&post=134"}],"version-history":[{"count":4,"href":"https:\/\/www.sportremo.com\/index.php?rest_route=\/wp\/v2\/pages\/134\/revisions"}],"predecessor-version":[{"id":2334,"href":"https:\/\/www.sportremo.com\/index.php?rest_route=\/wp\/v2\/pages\/134\/revisions\/2334"}],"up":[{"embeddable":true,"href":"https:\/\/www.sportremo.com\/index.php?rest_route=\/wp\/v2\/pages\/18"}],"wp:attachment":[{"href":"https:\/\/www.sportremo.com\/index.php?rest_route=%2Fwp%2Fv2%2Fmedia&parent=134"}],"curies":[{"name":"wp","href":"https:\/\/api.w.org\/{rel}","templated":true}]}}