{"id":15,"date":"2009-04-01T15:26:17","date_gmt":"2009-04-01T14:26:17","guid":{"rendered":"http:\/\/www.sportremo.com\/?page_id=15"},"modified":"2024-01-17T01:05:15","modified_gmt":"2024-01-17T00:05:15","slug":"a-seccao","status":"publish","type":"page","link":"https:\/\/www.sportremo.com\/?page_id=15","title":{"rendered":"Escal\u00f5es"},"content":{"rendered":"<p><!--:PT-->A sec\u00e7\u00e3o de Remo do Sport Club do Porto treina mais de 100 atletas integrados nos seus escal\u00f5es:<\/p>\n<h2>:: Infantis, Iniciados<\/h2>\n<p>Estes dois escal\u00f5es destinam-se aos atletas mais novos com idades compreendidas entre os 10 e 12 anos. Nestas idades pretende-se, desde cedo, criar esp\u00edrito de grupo e coopera\u00e7\u00e3o entre os atletas, dando-lhes, assim, bases para um dia serem atletas exemplares que dignifiquem o clube e, eventualmente, a selec\u00e7\u00e3o que representam. S\u00e3o os escal\u00f5es em que se aposta na aplica\u00e7\u00e3o de metodologias de treino inovadoras como meio de aprendizagem, cativando, assim, os mais novos para a pr\u00e1tica da modalidade.<\/p>\n<h2>:: Juvenis<\/h2>\n<p>Este \u00e9 um grupo em que se come\u00e7a a criar um esp\u00edrito mais competitivo nos atletas, com vista aos escal\u00f5es seguintes. Os atletas t\u00eam entre 13 e 15 anos e \u00e9 o primeiro escal\u00e3o em que os atletas t\u00eam possibilidade de representar a selec\u00e7\u00e3o nacional, sendo que, por isso, o empenho e a metodologia de treino sejam diferentes em rela\u00e7\u00e3o aos escal\u00f5es anteriores. \u00c9 por volta desta idade que se come\u00e7am a afirmar os grandes valores do nosso clube, nesta modalidade.<\/p>\n<h2>:: J\u00faniores<\/h2>\n<p>O grupo j\u00fanior tem atletas j\u00e1 mais crescidos, com idades entre os 16 e 18 anos.\u00a0Neste escal\u00e3o j\u00e1 se come\u00e7am a ver os resultados, fruto de todo um trabalho pela qual os atletas passaram desde o in\u00edcio da pr\u00e1tica da modalidade.<\/p>\n<h2>:: S\u00e9niores<\/h2>\n<p>Este \u00e9 o escal\u00e3o com um n\u00edvel competitivo de excel\u00eancia. Com atletas j\u00e1 adultos, maiores de 18 anos, \u00e9 um grupo mais numeroso de cerca de 30 atletas, entre masculinos e femininos, que treinam diariamente para elevar o nome do clube a n\u00edvel nacional e internacional. \u00c9, por exemplo, neste escal\u00e3o que est\u00e3o integrados alguns dos atletas que todos os anos representam a selec\u00e7\u00e3o nacional nos palcos internacionais, no qual se incluem os dois atletas ol\u00edmpicos, Pedro Fraga e Nuno Mendes.<\/p>\n<h2>:: Veteranos<\/h2>\n<p>O escal\u00e3o de veteranos \u00e9 composto por\u00a0ccerca de 30 membros. Neste grupo, h\u00e1 atletas que optam por continuar na Competi\u00e7\u00e3o, mas h\u00e1 aqueles que optam, apenas, por uma pr\u00e1tica menos intensiva ou de manuten\u00e7\u00e3o, existindo uma subclasse de Lazer. No nosso clube, encontramos atletas cujas idades variam entre 27 e 60 anos. Destes atletas, alguns s\u00e3o antigos remadores que, por diferentes motivos, tiveram que abandonar a modalidade, outros nunca pararam de remar e atingiram o escal\u00e3o de Veteranos, e outros que come\u00e7aram agora a pr\u00e1tica da modalidade, provando, assim, que a nossa sec\u00e7\u00e3o e o remo em geral \u00e9 para qualquer idade.<!--:--><!--:en--><\/p>\n<p><!--:--><\/p>\n","protected":false},"excerpt":{"rendered":"<p>A sec\u00e7\u00e3o de Remo do Sport Club do Porto treina mais de 100 atletas integrados nos seus escal\u00f5es: :: Infantis, [&hellip;]<\/p>\n","protected":false},"author":1,"featured_media":0,"parent":0,"menu_order":2,"comment_status":"closed","ping_status":"closed","template":"template-full-width.php","meta":{"footnotes":""},"_links":{"self":[{"href":"https:\/\/www.sportremo.com\/index.php?rest_route=\/wp\/v2\/pages\/15"}],"collection":[{"href":"https:\/\/www.sportremo.com\/index.php?rest_route=\/wp\/v2\/pages"}],"about":[{"href":"https:\/\/www.sportremo.com\/index.php?rest_route=\/wp\/v2\/types\/page"}],"author":[{"embeddable":true,"href":"https:\/\/www.sportremo.com\/index.php?rest_route=\/wp\/v2\/users\/1"}],"replies":[{"embeddable":true,"href":"https:\/\/www.sportremo.com\/index.php?rest_route=%2Fwp%2Fv2%2Fcomments&post=15"}],"version-history":[{"count":5,"href":"https:\/\/www.sportremo.com\/index.php?rest_route=\/wp\/v2\/pages\/15\/revisions"}],"predecessor-version":[{"id":2445,"href":"https:\/\/www.sportremo.com\/index.php?rest_route=\/wp\/v2\/pages\/15\/revisions\/2445"}],"wp:attachment":[{"href":"https:\/\/www.sportremo.com\/index.php?rest_route=%2Fwp%2Fv2%2Fmedia&parent=15"}],"curies":[{"name":"wp","href":"https:\/\/api.w.org\/{rel}","templated":true}]}}