{"id":2421,"date":"2024-01-09T00:44:17","date_gmt":"2024-01-08T23:44:17","guid":{"rendered":"http:\/\/www.sportremo.com\/?page_id=2421"},"modified":"2024-01-09T02:12:55","modified_gmt":"2024-01-09T01:12:55","slug":"remo-de-lazer","status":"publish","type":"page","link":"https:\/\/www.sportremo.com\/?page_id=2421","title":{"rendered":"Lazer"},"content":{"rendered":"\n<p>Se procura uma atividade f\u00edsica junto da natureza, o remo \u00e9 o desporto para isso. N\u00e3o s\u00f3 aproveita a beleza das margens do rio, como goza das vantagens do remo enquanto desporto completo, que lhe permite exercitar o corpo como nenhum outro desporto.<\/p>\n\n\n\n<p><\/p>\n\n\n\n<p>Para mais informa\u00e7\u00f5es, use o nosso endere\u00e7o de email.<\/p>\n","protected":false},"excerpt":{"rendered":"<p>Se procura uma atividade f\u00edsica junto da natureza, o remo \u00e9 o desporto para isso. N\u00e3o s\u00f3 aproveita a beleza [&hellip;]<\/p>\n","protected":false},"author":1,"featured_media":2422,"parent":0,"menu_order":0,"comment_status":"closed","ping_status":"closed","template":"template-full-width.php","meta":{"footnotes":""},"_links":{"self":[{"href":"https:\/\/www.sportremo.com\/index.php?rest_route=\/wp\/v2\/pages\/2421"}],"collection":[{"href":"https:\/\/www.sportremo.com\/index.php?rest_route=\/wp\/v2\/pages"}],"about":[{"href":"https:\/\/www.sportremo.com\/index.php?rest_route=\/wp\/v2\/types\/page"}],"author":[{"embeddable":true,"href":"https:\/\/www.sportremo.com\/index.php?rest_route=\/wp\/v2\/users\/1"}],"replies":[{"embeddable":true,"href":"https:\/\/www.sportremo.com\/index.php?rest_route=%2Fwp%2Fv2%2Fcomments&post=2421"}],"version-history":[{"count":2,"href":"https:\/\/www.sportremo.com\/index.php?rest_route=\/wp\/v2\/pages\/2421\/revisions"}],"predecessor-version":[{"id":2426,"href":"https:\/\/www.sportremo.com\/index.php?rest_route=\/wp\/v2\/pages\/2421\/revisions\/2426"}],"wp:featuredmedia":[{"embeddable":true,"href":"https:\/\/www.sportremo.com\/index.php?rest_route=\/wp\/v2\/media\/2422"}],"wp:attachment":[{"href":"https:\/\/www.sportremo.com\/index.php?rest_route=%2Fwp%2Fv2%2Fmedia&parent=2421"}],"curies":[{"name":"wp","href":"https:\/\/api.w.org\/{rel}","templated":true}]}}